{"id":3963,"date":"2024-11-07T10:11:58","date_gmt":"2024-11-07T09:11:58","guid":{"rendered":"https:\/\/elyft.tech\/entreprise\/?page_id=3963"},"modified":"2025-07-23T18:32:54","modified_gmt":"2025-07-23T16:32:54","slug":"mentions-legales","status":"publish","type":"page","link":"https:\/\/elyft.tech\/entreprise\/en\/mentions-legales\/","title":{"rendered":"Mentions L\u00e9gales"},"content":{"rendered":"<div data-elementor-type=\"wp-page\" data-elementor-id=\"3963\" class=\"elementor elementor-3963\" data-elementor-post-type=\"page\">\n\t\t\t\t<div class=\"elementor-element elementor-element-e9e1c8f e-con-full e-flex e-con e-parent\" data-id=\"e9e1c8f\" data-element_type=\"container\" id=\"mentions-legales\">\n\t\t<div class=\"elementor-element elementor-element-8d95f65 e-con-full e-flex e-con e-child\" data-id=\"8d95f65\" data-element_type=\"container\">\n\t\t\t\t<div class=\"elementor-element elementor-element-50cf0a6 elementor-widget elementor-widget-heading\" data-id=\"50cf0a6\" data-element_type=\"widget\" data-widget_type=\"heading.default\">\n\t\t\t\t<div class=\"elementor-widget-container\">\n\t\t\t\t\t<h1 class=\"elementor-heading-title elementor-size-default\">Mentions L\u00e9gales<\/h1>\t\t\t\t<\/div>\n\t\t\t\t<\/div>\n\t\t\t\t<div class=\"elementor-element elementor-element-9213fbd elementor-widget elementor-widget-text-editor\" data-id=\"9213fbd\" data-element_type=\"widget\" data-widget_type=\"text-editor.default\">\n\t\t\t\t<div class=\"elementor-widget-container\">\n\t\t\t\t\t\t\t\t\t<p>Conform\u00e9ment aux dispositions des articles 6-III et 19 de la Loi n\u00b02004-575 du 21 juin 2004 pour la Confiance dans l\u2019\u00e9conomie num\u00e9rique, dite L.C.E.N., il est port\u00e9 \u00e0 la connaissance des utilisateurs et visiteurs, ci-apr\u00e8s l\u2019\u00ab<strong>Utilisateur<\/strong>\u00bb du site \u00a0<a href=\"https:\/\/elyft.tech\/entreprise\/en\/\">https:\/\/www.elyft.tech<\/a> ci-apr\u00e8s le \u00ab <strong>Site <\/strong>\u00bb, les pr\u00e9sentes mentions l\u00e9gales.<\/p><p>La connexion et la navigation sur le Site par l\u2019Utilisateur implique acceptation int\u00e9grale et sans r\u00e9serve des pr\u00e9sentes mentions l\u00e9gales.<\/p><p>Ces derni\u00e8res sont accessibles sur le site dans la rubrique \u00ab\u00a0<strong>Mentions L\u00e9gales<\/strong>\u00a0\u00bb.<\/p>\t\t\t\t\t\t\t\t<\/div>\n\t\t\t\t<\/div>\n\t\t\t\t<div class=\"elementor-element elementor-element-d12408d elementor-widget elementor-widget-heading\" data-id=\"d12408d\" data-element_type=\"widget\" data-widget_type=\"heading.default\">\n\t\t\t\t<div class=\"elementor-widget-container\">\n\t\t\t\t\t<h2 class=\"elementor-heading-title elementor-size-default\">L'\u00e9diteur<\/h2>\t\t\t\t<\/div>\n\t\t\t\t<\/div>\n\t\t\t\t<div class=\"elementor-element elementor-element-6e5c565 elementor-widget elementor-widget-text-editor\" data-id=\"6e5c565\" data-element_type=\"widget\" data-widget_type=\"text-editor.default\">\n\t\t\t\t<div class=\"elementor-widget-container\">\n\t\t\t\t\t\t\t\t\t<p>L\u2019Editeur du site web <a href=\"https:\/\/elyft.tech\/entreprise\/en\/\">https:\/\/www.elyft.tech<\/a> est la Soci\u00e9t\u00e9 par Actions Simplifi\u00e9 ELYFT au capital de 1000 Euros, immatricul\u00e9e au RCS de Paris 979 074 606 sous le num\u00e9ro 97907460600018 dont le si\u00e8ge social est situ\u00e9 au 26 Rue Bosquet, 75007 Paris, France. N\u00b0 TVA Intracommunautaire FR04979074606. Ayant pour Adresse email\u00a0: <a href=\"mailto:contact@elyft.tech\">contact@elyft.tech<\/a> et joignable au num\u00e9ro suivant\u00a0: +33 756 89 35 15.<\/p>\t\t\t\t\t\t\t\t<\/div>\n\t\t\t\t<\/div>\n\t\t\t\t<div class=\"elementor-element elementor-element-00be88f elementor-widget elementor-widget-heading\" data-id=\"00be88f\" data-element_type=\"widget\" data-widget_type=\"heading.default\">\n\t\t\t\t<div class=\"elementor-widget-container\">\n\t\t\t\t\t<h2 class=\"elementor-heading-title elementor-size-default\">L'h\u00e9bergeur<\/h2>\t\t\t\t<\/div>\n\t\t\t\t<\/div>\n\t\t\t\t<div class=\"elementor-element elementor-element-ecc8911 elementor-widget elementor-widget-text-editor\" data-id=\"ecc8911\" data-element_type=\"widget\" data-widget_type=\"text-editor.default\">\n\t\t\t\t<div class=\"elementor-widget-container\">\n\t\t\t\t\t\t\t\t\t<p>L\u2019H\u00e9bergeur du site web <a href=\"https:\/\/elyft.tech\/entreprise\/en\/\">https:\/\/www.elyft.tech<\/a> est la soci\u00e9t\u00e9 LWS (Ligne Web Services), SAS au capital de 500 000 \u20ac, immatricul\u00e9e au RCS de Paris B 851 993 683, dont le si\u00e8ge social est situ\u00e9 au 10 Rue Penthi\u00e8vre, 75008 Paris, France. Joignable au num\u00e9ro suivant\u00a0: +33 177 62 30 03.<\/p>\t\t\t\t\t\t\t\t<\/div>\n\t\t\t\t<\/div>\n\t\t\t\t<div class=\"elementor-element elementor-element-45ff9b4 elementor-widget elementor-widget-heading\" data-id=\"45ff9b4\" data-element_type=\"widget\" data-widget_type=\"heading.default\">\n\t\t\t\t<div class=\"elementor-widget-container\">\n\t\t\t\t\t<h2 class=\"elementor-heading-title elementor-size-default\">Acc\u00e8s au site web<\/h2>\t\t\t\t<\/div>\n\t\t\t\t<\/div>\n\t\t\t\t<div class=\"elementor-element elementor-element-58abd52 elementor-widget elementor-widget-text-editor\" data-id=\"58abd52\" data-element_type=\"widget\" data-widget_type=\"text-editor.default\">\n\t\t\t\t<div class=\"elementor-widget-container\">\n\t\t\t\t\t\t\t\t\t<p>Le Site est accessible en tout endroit, 7j\/7, 24h\/24 sauf cas de force majeure, interruption programm\u00e9e ou non et pouvant d\u00e9couler d\u2019une n\u00e9cessit\u00e9 de maintenance.<\/p><p>En cas de modification, interruption ou suspension du Site, l\u2019Editeur ne saurait \u00eatre tenu responsable.<\/p>\t\t\t\t\t\t\t\t<\/div>\n\t\t\t\t<\/div>\n\t\t\t\t<div class=\"elementor-element elementor-element-8c9549f elementor-widget elementor-widget-heading\" data-id=\"8c9549f\" data-element_type=\"widget\" data-widget_type=\"heading.default\">\n\t\t\t\t<div class=\"elementor-widget-container\">\n\t\t\t\t\t<h2 class=\"elementor-heading-title elementor-size-default\">Cookies<\/h2>\t\t\t\t<\/div>\n\t\t\t\t<\/div>\n\t\t\t\t<div class=\"elementor-element elementor-element-ae566bd elementor-widget elementor-widget-text-editor\" data-id=\"ae566bd\" data-element_type=\"widget\" data-widget_type=\"text-editor.default\">\n\t\t\t\t<div class=\"elementor-widget-container\">\n\t\t\t\t\t\t\t\t\t<p>Le Site <a href=\"https:\/\/elyft.tech\/entreprise\/en\/\">https:\/\/www.elyft.tech<\/a> peut \u00eatre amen\u00e9 \u00e0 vous demander l\u2019acceptation de cookies pour des besoins de statistiques et d\u2019affichage. Un cookie est une information d\u00e9pos\u00e9e sur votre disque dur par le serveur du site que vous visitez.<\/p><p>Il contient plusieurs donn\u00e9es qui sont stock\u00e9es sur votre ordinateur dans un simple fichier texte auquel un serveur acc\u00e8de pour lire et enregistrer des informations.<\/p>\t\t\t\t\t\t\t\t<\/div>\n\t\t\t\t<\/div>\n\t\t\t\t<div class=\"elementor-element elementor-element-43ddd42 elementor-widget elementor-widget-heading\" data-id=\"43ddd42\" data-element_type=\"widget\" data-widget_type=\"heading.default\">\n\t\t\t\t<div class=\"elementor-widget-container\">\n\t\t\t\t\t<h2 class=\"elementor-heading-title elementor-size-default\">Collecte de donn\u00e9es<\/h2>\t\t\t\t<\/div>\n\t\t\t\t<\/div>\n\t\t\t\t<div class=\"elementor-element elementor-element-3dc53b0 elementor-widget elementor-widget-text-editor\" data-id=\"3dc53b0\" data-element_type=\"widget\" data-widget_type=\"text-editor.default\">\n\t\t\t\t<div class=\"elementor-widget-container\">\n\t\t\t\t\t\t\t\t\t<p>Le Site assure \u00e0 l\u2019Utilisateur une collecte et un traitement d\u2019informations personnelles dans le respect de la vie priv\u00e9e conform\u00e9ment \u00e0 la loi n\u00b0 78-17 du 16 janvier 1978 relative \u00e0 l\u2019informatique, aux fichiers et aux libert\u00e9s.<\/p>\t\t\t\t\t\t\t\t<\/div>\n\t\t\t\t<\/div>\n\t\t\t\t<div class=\"elementor-element elementor-element-66888fc elementor-widget elementor-widget-heading\" data-id=\"66888fc\" data-element_type=\"widget\" data-widget_type=\"heading.default\">\n\t\t\t\t<div class=\"elementor-widget-container\">\n\t\t\t\t\t<h2 class=\"elementor-heading-title elementor-size-default\">Propri\u00e9t\u00e9 intellectuelle<\/h2>\t\t\t\t<\/div>\n\t\t\t\t<\/div>\n\t\t\t\t<div class=\"elementor-element elementor-element-4426bf3 elementor-widget elementor-widget-text-editor\" data-id=\"4426bf3\" data-element_type=\"widget\" data-widget_type=\"text-editor.default\">\n\t\t\t\t<div class=\"elementor-widget-container\">\n\t\t\t\t\t\t\t\t\t<p>Toutes les marques, photographies, textes, commentaires, illustrations, images anim\u00e9es ou non, s\u00e9quences vid\u00e9o, sons, ainsi que toutes les applications informatiques qui pourraient \u00eatre utilis\u00e9es pour faire fonctionner le Site et plus g\u00e9n\u00e9ralement tous les \u00e9l\u00e9ments reproduits ou utilis\u00e9s sur le Site sont prot\u00e9g\u00e9s par les lois en vigueur au titre de la propri\u00e9t\u00e9 intellectuelle.<\/p><p>Ils sont la propri\u00e9t\u00e9 pleine et enti\u00e8re de l&rsquo;Editeur ou de ses partenaires, sauf mentions particuli\u00e8res. Toute reproduction, repr\u00e9sentation, utilisation ou adaptation, sous quelque forme que ce soit, de tout ou partie de ces \u00e9l\u00e9ments, y compris les applications informatiques, sans l&rsquo;accord pr\u00e9alable et \u00e9crit de l&rsquo;Editeur, sont strictement interdites. Le fait pour l&rsquo;Editeur de ne pas engager de proc\u00e9dure d\u00e8s la prise de connaissance de ces utilisations non autoris\u00e9es ne vaut pas acceptation desdites utilisations et renonciation aux poursuites.<\/p><p>Seule l&rsquo;utilisation pour un usage priv\u00e9 dans un cercle de famille est autoris\u00e9e et toute autre utilisation est constitutive de contrefa\u00e7on et\/ou d&rsquo;atteinte aux droits voisins, sanctionn\u00e9es par Code de la propri\u00e9t\u00e9 intellectuelle.<\/p><p>La reprise de tout ou partie de ce contenu n\u00e9cessite l&rsquo;autorisation pr\u00e9alable de l&rsquo;Editeur ou du titulaire des droits sur ce contenu.<\/p><p>Toute utilisation, reproduction, diffusion, commercialisation, modification de toute ou partie du site, sans autorisation de l\u2019Editeur est prohib\u00e9e et pourra entrainer des actions et poursuites judiciaires telles que notamment pr\u00e9vues par le Code de la propri\u00e9t\u00e9 intellectuelle et le Code civil.<\/p>\t\t\t\t\t\t\t\t<\/div>\n\t\t\t\t<\/div>\n\t\t\t\t<div class=\"elementor-element elementor-element-aea77ad elementor-widget elementor-widget-heading\" data-id=\"aea77ad\" data-element_type=\"widget\" data-widget_type=\"heading.default\">\n\t\t\t\t<div class=\"elementor-widget-container\">\n\t\t\t\t\t<h2 class=\"elementor-heading-title elementor-size-default\">Limitation de responsabilit\u00e9<\/h2>\t\t\t\t<\/div>\n\t\t\t\t<\/div>\n\t\t\t\t<div class=\"elementor-element elementor-element-cd4113d elementor-widget elementor-widget-text-editor\" data-id=\"cd4113d\" data-element_type=\"widget\" data-widget_type=\"text-editor.default\">\n\t\t\t\t<div class=\"elementor-widget-container\">\n\t\t\t\t\t\t\t\t\t<p>Les informations contenues sur ce site sont aussi pr\u00e9cises que possibles et le site est p\u00e9riodiquement remis \u00e0 jour, mais peut toutefois contenir des inexactitudes, des omissions ou des lacunes. Si vous constatez une lacune, erreur ou ce qui parait \u00eatre un dysfonctionnement, merci de bien vouloir le signaler par email en d\u00e9crivant le probl\u00e8me de la mani\u00e8re la plus pr\u00e9cise possible (page posant probl\u00e8me, action d\u00e9clenchante, type d\u2019ordinateur et de navigateur utilis\u00e9, \u2026).<\/p>\t\t\t\t\t\t\t\t<\/div>\n\t\t\t\t<\/div>\n\t\t\t\t<\/div>\n\t\t\t\t<\/div>\n\t\t\t\t<\/div>","protected":false},"excerpt":{"rendered":"<p>Mentions L\u00e9gales Conform\u00e9ment aux dispositions des articles 6-III et 19 de la Loi n\u00b02004-575 du 21 juin 2004 pour la Confiance dans l\u2019\u00e9conomie num\u00e9rique, dite L.C.E.N., il est port\u00e9 \u00e0 la connaissance des utilisateurs et visiteurs, ci-apr\u00e8s l\u2019\u00abUtilisateur\u00bb du site \u00a0https:\/\/www.elyft.tech ci-apr\u00e8s le \u00ab Site \u00bb, les pr\u00e9sentes mentions l\u00e9gales. La connexion et la navigation [&hellip;]<\/p>","protected":false},"author":1,"featured_media":4775,"parent":0,"menu_order":0,"comment_status":"closed","ping_status":"closed","template":"elementor_header_footer","meta":{"footnotes":""},"class_list":["post-3963","page","type-page","status-publish","has-post-thumbnail","hentry"],"yoast_head":"<!-- This site is optimized with the Yoast SEO plugin v25.8 - https:\/\/yoast.com\/wordpress\/plugins\/seo\/ -->\n<title>Mentions L\u00e9gales - ELYFT<\/title>\n<meta name=\"description\" content=\"Consultez les mentions l\u00e9gales de notre site : informations juridiques, conditions d\u2019utilisation et politique de confidentialit\u00e9.\" \/>\n<meta name=\"robots\" content=\"index, follow, max-snippet:-1, max-image-preview:large, max-video-preview:-1\" \/>\n<link rel=\"canonical\" href=\"https:\/\/elyft.tech\/entreprise\/en\/mentions-legales\/\" \/>\n<meta property=\"og:locale\" content=\"en_US\" \/>\n<meta property=\"og:type\" content=\"article\" \/>\n<meta property=\"og:title\" content=\"Mentions L\u00e9gales - ELYFT\" \/>\n<meta property=\"og:description\" content=\"Consultez les mentions l\u00e9gales de notre site : informations juridiques, conditions d\u2019utilisation et politique de confidentialit\u00e9.\" \/>\n<meta property=\"og:url\" content=\"https:\/\/elyft.tech\/entreprise\/en\/mentions-legales\/\" \/>\n<meta property=\"og:site_name\" content=\"ELYFT\" \/>\n<meta property=\"article:modified_time\" content=\"2025-07-23T16:32:54+00:00\" \/>\n<meta property=\"og:image\" content=\"https:\/\/elyft.tech\/entreprise\/wp-content\/uploads\/2023\/03\/Rediger-un-cahier-des-charges-pour-une-application-mobile.webp\" \/>\n\t<meta property=\"og:image:width\" content=\"1600\" \/>\n\t<meta property=\"og:image:height\" content=\"900\" \/>\n\t<meta property=\"og:image:type\" content=\"image\/webp\" \/>\n<meta name=\"twitter:card\" content=\"summary_large_image\" \/>\n<meta name=\"twitter:label1\" content=\"Est. reading time\" \/>\n\t<meta name=\"twitter:data1\" content=\"4 minutes\" \/>\n<script type=\"application\/ld+json\" class=\"yoast-schema-graph\">{\"@context\":\"https:\/\/schema.org\",\"@graph\":[{\"@type\":\"WebPage\",\"@id\":\"https:\/\/elyft.tech\/entreprise\/mentions-legales\/\",\"url\":\"https:\/\/elyft.tech\/entreprise\/mentions-legales\/\",\"name\":\"Mentions L\u00e9gales - ELYFT\",\"isPartOf\":{\"@id\":\"https:\/\/elyft.tech\/entreprise\/#website\"},\"primaryImageOfPage\":{\"@id\":\"https:\/\/elyft.tech\/entreprise\/mentions-legales\/#primaryimage\"},\"image\":{\"@id\":\"https:\/\/elyft.tech\/entreprise\/mentions-legales\/#primaryimage\"},\"thumbnailUrl\":\"https:\/\/elyft.tech\/entreprise\/wp-content\/uploads\/2023\/03\/Rediger-un-cahier-des-charges-pour-une-application-mobile.webp\",\"datePublished\":\"2024-11-07T09:11:58+00:00\",\"dateModified\":\"2025-07-23T16:32:54+00:00\",\"description\":\"Consultez les mentions l\u00e9gales de notre site : informations juridiques, conditions d\u2019utilisation et politique de confidentialit\u00e9.\",\"breadcrumb\":{\"@id\":\"https:\/\/elyft.tech\/entreprise\/mentions-legales\/#breadcrumb\"},\"inLanguage\":\"en-US\",\"potentialAction\":[{\"@type\":\"ReadAction\",\"target\":[\"https:\/\/elyft.tech\/entreprise\/mentions-legales\/\"]}]},{\"@type\":\"ImageObject\",\"inLanguage\":\"en-US\",\"@id\":\"https:\/\/elyft.tech\/entreprise\/mentions-legales\/#primaryimage\",\"url\":\"https:\/\/elyft.tech\/entreprise\/wp-content\/uploads\/2023\/03\/Rediger-un-cahier-des-charges-pour-une-application-mobile.webp\",\"contentUrl\":\"https:\/\/elyft.tech\/entreprise\/wp-content\/uploads\/2023\/03\/Rediger-un-cahier-des-charges-pour-une-application-mobile.webp\",\"width\":1600,\"height\":900,\"caption\":\"R\u00e9diger un cahier des charges pour une application mobile\"},{\"@type\":\"BreadcrumbList\",\"@id\":\"https:\/\/elyft.tech\/entreprise\/mentions-legales\/#breadcrumb\",\"itemListElement\":[{\"@type\":\"ListItem\",\"position\":1,\"name\":\"Accueil\",\"item\":\"https:\/\/elyft.tech\/entreprise\/\"},{\"@type\":\"ListItem\",\"position\":2,\"name\":\"Mentions L\u00e9gales\"}]},{\"@type\":\"WebSite\",\"@id\":\"https:\/\/elyft.tech\/entreprise\/#website\",\"url\":\"https:\/\/elyft.tech\/entreprise\/\",\"name\":\"ELYFT\",\"description\":\"Agence digitale \u00e0 Paris\",\"publisher\":{\"@id\":\"https:\/\/elyft.tech\/entreprise\/#organization\"},\"potentialAction\":[{\"@type\":\"SearchAction\",\"target\":{\"@type\":\"EntryPoint\",\"urlTemplate\":\"https:\/\/elyft.tech\/entreprise\/?s={search_term_string}\"},\"query-input\":{\"@type\":\"PropertyValueSpecification\",\"valueRequired\":true,\"valueName\":\"search_term_string\"}}],\"inLanguage\":\"en-US\"},{\"@type\":\"Organization\",\"@id\":\"https:\/\/elyft.tech\/entreprise\/#organization\",\"name\":\"ELYFT\",\"url\":\"https:\/\/elyft.tech\/entreprise\/\",\"logo\":{\"@type\":\"ImageObject\",\"inLanguage\":\"en-US\",\"@id\":\"https:\/\/elyft.tech\/entreprise\/#\/schema\/logo\/image\/\",\"url\":\"https:\/\/elyft.tech\/entreprise\/wp-content\/uploads\/2024\/09\/Logo-elyft-req-Gaelle-green-grey-bg-e1726653772747.jpg\",\"contentUrl\":\"https:\/\/elyft.tech\/entreprise\/wp-content\/uploads\/2024\/09\/Logo-elyft-req-Gaelle-green-grey-bg-e1726653772747.jpg\",\"width\":908,\"height\":394,\"caption\":\"ELYFT\"},\"image\":{\"@id\":\"https:\/\/elyft.tech\/entreprise\/#\/schema\/logo\/image\/\"}}]}<\/script>\n<!-- \/ Yoast SEO plugin. -->","yoast_head_json":{"title":"Mentions L\u00e9gales - ELYFT","description":"Consultez les mentions l\u00e9gales de notre site : informations juridiques, conditions d\u2019utilisation et politique de confidentialit\u00e9.","robots":{"index":"index","follow":"follow","max-snippet":"max-snippet:-1","max-image-preview":"max-image-preview:large","max-video-preview":"max-video-preview:-1"},"canonical":"https:\/\/elyft.tech\/entreprise\/en\/mentions-legales\/","og_locale":"en_US","og_type":"article","og_title":"Mentions L\u00e9gales - ELYFT","og_description":"Consultez les mentions l\u00e9gales de notre site : informations juridiques, conditions d\u2019utilisation et politique de confidentialit\u00e9.","og_url":"https:\/\/elyft.tech\/entreprise\/en\/mentions-legales\/","og_site_name":"ELYFT","article_modified_time":"2025-07-23T16:32:54+00:00","og_image":[{"width":1600,"height":900,"url":"https:\/\/elyft.tech\/entreprise\/wp-content\/uploads\/2023\/03\/Rediger-un-cahier-des-charges-pour-une-application-mobile.webp","type":"image\/webp"}],"twitter_card":"summary_large_image","twitter_misc":{"Est. reading time":"4 minutes"},"schema":{"@context":"https:\/\/schema.org","@graph":[{"@type":"WebPage","@id":"https:\/\/elyft.tech\/entreprise\/mentions-legales\/","url":"https:\/\/elyft.tech\/entreprise\/mentions-legales\/","name":"Mentions L\u00e9gales - ELYFT","isPartOf":{"@id":"https:\/\/elyft.tech\/entreprise\/#website"},"primaryImageOfPage":{"@id":"https:\/\/elyft.tech\/entreprise\/mentions-legales\/#primaryimage"},"image":{"@id":"https:\/\/elyft.tech\/entreprise\/mentions-legales\/#primaryimage"},"thumbnailUrl":"https:\/\/elyft.tech\/entreprise\/wp-content\/uploads\/2023\/03\/Rediger-un-cahier-des-charges-pour-une-application-mobile.webp","datePublished":"2024-11-07T09:11:58+00:00","dateModified":"2025-07-23T16:32:54+00:00","description":"Consultez les mentions l\u00e9gales de notre site : informations juridiques, conditions d\u2019utilisation et politique de confidentialit\u00e9.","breadcrumb":{"@id":"https:\/\/elyft.tech\/entreprise\/mentions-legales\/#breadcrumb"},"inLanguage":"en-US","potentialAction":[{"@type":"ReadAction","target":["https:\/\/elyft.tech\/entreprise\/mentions-legales\/"]}]},{"@type":"ImageObject","inLanguage":"en-US","@id":"https:\/\/elyft.tech\/entreprise\/mentions-legales\/#primaryimage","url":"https:\/\/elyft.tech\/entreprise\/wp-content\/uploads\/2023\/03\/Rediger-un-cahier-des-charges-pour-une-application-mobile.webp","contentUrl":"https:\/\/elyft.tech\/entreprise\/wp-content\/uploads\/2023\/03\/Rediger-un-cahier-des-charges-pour-une-application-mobile.webp","width":1600,"height":900,"caption":"R\u00e9diger un cahier des charges pour une application mobile"},{"@type":"BreadcrumbList","@id":"https:\/\/elyft.tech\/entreprise\/mentions-legales\/#breadcrumb","itemListElement":[{"@type":"ListItem","position":1,"name":"Accueil","item":"https:\/\/elyft.tech\/entreprise\/"},{"@type":"ListItem","position":2,"name":"Mentions L\u00e9gales"}]},{"@type":"WebSite","@id":"https:\/\/elyft.tech\/entreprise\/#website","url":"https:\/\/elyft.tech\/entreprise\/","name":"ELYFT","description":"Agence digitale \u00e0 Paris","publisher":{"@id":"https:\/\/elyft.tech\/entreprise\/#organization"},"potentialAction":[{"@type":"SearchAction","target":{"@type":"EntryPoint","urlTemplate":"https:\/\/elyft.tech\/entreprise\/?s={search_term_string}"},"query-input":{"@type":"PropertyValueSpecification","valueRequired":true,"valueName":"search_term_string"}}],"inLanguage":"en-US"},{"@type":"Organization","@id":"https:\/\/elyft.tech\/entreprise\/#organization","name":"ELYFT","url":"https:\/\/elyft.tech\/entreprise\/","logo":{"@type":"ImageObject","inLanguage":"en-US","@id":"https:\/\/elyft.tech\/entreprise\/#\/schema\/logo\/image\/","url":"https:\/\/elyft.tech\/entreprise\/wp-content\/uploads\/2024\/09\/Logo-elyft-req-Gaelle-green-grey-bg-e1726653772747.jpg","contentUrl":"https:\/\/elyft.tech\/entreprise\/wp-content\/uploads\/2024\/09\/Logo-elyft-req-Gaelle-green-grey-bg-e1726653772747.jpg","width":908,"height":394,"caption":"ELYFT"},"image":{"@id":"https:\/\/elyft.tech\/entreprise\/#\/schema\/logo\/image\/"}}]}},"_links":{"self":[{"href":"https:\/\/elyft.tech\/entreprise\/en\/wp-json\/wp\/v2\/pages\/3963","targetHints":{"allow":["GET"]}}],"collection":[{"href":"https:\/\/elyft.tech\/entreprise\/en\/wp-json\/wp\/v2\/pages"}],"about":[{"href":"https:\/\/elyft.tech\/entreprise\/en\/wp-json\/wp\/v2\/types\/page"}],"author":[{"embeddable":true,"href":"https:\/\/elyft.tech\/entreprise\/en\/wp-json\/wp\/v2\/users\/1"}],"replies":[{"embeddable":true,"href":"https:\/\/elyft.tech\/entreprise\/en\/wp-json\/wp\/v2\/comments?post=3963"}],"version-history":[{"count":1,"href":"https:\/\/elyft.tech\/entreprise\/en\/wp-json\/wp\/v2\/pages\/3963\/revisions"}],"predecessor-version":[{"id":5156,"href":"https:\/\/elyft.tech\/entreprise\/en\/wp-json\/wp\/v2\/pages\/3963\/revisions\/5156"}],"wp:featuredmedia":[{"embeddable":true,"href":"https:\/\/elyft.tech\/entreprise\/en\/wp-json\/wp\/v2\/media\/4775"}],"wp:attachment":[{"href":"https:\/\/elyft.tech\/entreprise\/en\/wp-json\/wp\/v2\/media?parent=3963"}],"curies":[{"name":"wp","href":"https:\/\/api.w.org\/{rel}","templated":true}]}}